{"id":23,"date":"2026-02-01T18:24:25","date_gmt":"2026-02-01T18:24:25","guid":{"rendered":"https:\/\/csgg.eu\/about\/"},"modified":"2026-02-04T13:50:05","modified_gmt":"2026-02-04T13:50:05","slug":"o-nas","status":"publish","type":"page","link":"https:\/\/csgg.eu\/en\/o-nas\/","title":{"rendered":"O n\u00e1s"},"content":{"rendered":"<div class=\"wp-block-group alignfull is-style-ext-preset--group--natural-1--section has-background-background-color has-background has-global-padding is-layout-constrained wp-container-core-group-is-layout-843e5a6d wp-block-group-is-layout-constrained\" id=\"about\" style=\"margin-top:0;margin-bottom:0;padding-top:var(--wp--preset--spacing--70);padding-bottom:var(--wp--preset--spacing--70)\">\n<div class=\"wp-block-group alignfull is-vertical is-content-justification-center is-layout-flex wp-container-core-group-is-layout-c9ee0c5a wp-block-group-is-layout-flex\">\n<div class=\"wp-block-group has-global-padding is-layout-constrained wp-container-core-group-is-layout-2287c683 wp-block-group-is-layout-constrained\">\n<h2 class=\"wp-block-heading alignfull has-text-align-center\">\u010cesk\u00e1 spole\u010dnost pro geometrii a grafiku<\/h2>\n\n\n\n<p class=\"has-text-align-center\">\u010cesk\u00e1 spole\u010dnost pro geometrii a grafiku (\u010cSGG)&nbsp;je odbornou skupinou \u010cesk\u00e9 matematick\u00e9 spole\u010dnosti (<a href=\"https:\/\/jcmf.cz\/?q=cz\/frontpagecms\">\u010cMS<\/a>), kter\u00e1 je sekc\u00ed Jednoty \u010desk\u00fdch matematik\u016f a fyzik\u016f (<a href=\"http:\/\/www.jcmf.cz\/\">J\u010cMF<\/a>).<\/p>\n<\/div>\n<\/div>\n<\/div>\n\n\n\n<div class=\"wp-block-group alignfull is-style-ext-preset--group--natural-1--section has-background-background-color has-background has-global-padding is-layout-constrained wp-block-group-is-layout-constrained\" id=\"events\" style=\"margin-top:0;margin-bottom:0;padding-top:var(--wp--preset--spacing--70);padding-bottom:var(--wp--preset--spacing--70)\">\n<div class=\"wp-block-group alignwide has-global-padding is-layout-constrained wp-block-group-is-layout-constrained\">\n<div class=\"wp-block-group alignwide has-tertiary-background-color has-background has-global-padding is-layout-constrained wp-container-core-group-is-layout-48493932 wp-block-group-is-layout-constrained\" style=\"padding-top:var(--wp--preset--spacing--55);padding-right:var(--wp--preset--spacing--55);padding-bottom:var(--wp--preset--spacing--55);padding-left:var(--wp--preset--spacing--55)\">\n<h2 class=\"wp-block-heading\">Na\u0161e aktivity<\/h2>\n\n\n\n<details class=\"wp-block-details is-layout-flow wp-block-details-is-layout-flow\"><summary>\u010cesko-slovensk\u00e1 konference o geometrii a grafice<\/summary>\n<ul class=\"wp-block-list\">\n<li>11. konference 2026&nbsp;<a href=\"https:\/\/www.ssgg.sk\/scg\/indexs.htm\">ZDE<\/a><\/li>\n\n\n\n<li>10. konference 2024&nbsp;<a href=\"https:\/\/csgg2024.zcu.cz\/\" target=\"_blank\" rel=\"noreferrer noopener\">ZDE<\/a><\/li>\n\n\n\n<li>9. konference 2023&nbsp;<a href=\"http:\/\/www.ssgg.sk\/scg\/archiv\/Abstracts2023.htm\" target=\"_blank\" rel=\"noreferrer noopener\">ZDE<\/a><\/li>\n\n\n\n<li>8. konference 2022&nbsp;<a href=\"http:\/\/csgg2022.upol.cz\/\" target=\"_blank\" rel=\"noreferrer noopener\">ZDE<\/a><\/li>\n<\/ul>\n<\/details>\n\n\n\n<details class=\"wp-block-details is-layout-flow wp-block-details-is-layout-flow\"><summary>Inovace deskriptivn\u00ed geometrie<\/summary>\n<ul class=\"wp-block-list\">\n<li>kulat\u00fd st\u016fl o deskriptivn\u00ed geometrii 2026, organizovala Katedra algebry a geometrie, P\u0159\u00edrodov\u011bdeck\u00e1 fakulta Univerzity Palack\u00e9ho v Olomouci&nbsp;<\/li>\n\n\n\n<li>kulat\u00fd st\u016fl o deskriptivn\u00ed geometrii 2025, organizovala Katedra algebry a geometrie, P\u0159\u00edrodov\u011bdeck\u00e1 fakulta Univerzity Palack\u00e9ho v Olomouci&nbsp;<\/li>\n<\/ul>\n<\/details>\n<\/div>\n<\/div>\n<\/div>","protected":false},"excerpt":{"rendered":"<p>\u010cesk\u00e1 spole\u010dnost pro geometrii a grafiku \u010cesk\u00e1 spole\u010dnost pro geometrii a grafiku (\u010cSGG)&nbsp;je odbornou skupinou \u010cesk\u00e9 matematick\u00e9 spole\u010dnosti (\u010cMS), kter\u00e1 je sekc\u00ed Jednoty \u010desk\u00fdch matematik\u016f a fyzik\u016f (J\u010cMF). Na\u0161e aktivity<\/p>","protected":false},"author":1,"featured_media":0,"parent":0,"menu_order":0,"comment_status":"closed","ping_status":"closed","template":"page-with-title","meta":{"_monsterinsights_skip_tracking":false,"_monsterinsights_sitenote_active":false,"_monsterinsights_sitenote_note":"","_monsterinsights_sitenote_category":0,"footnotes":""},"class_list":["post-23","page","type-page","status-publish","hentry"],"aioseo_notices":[],"_links":{"self":[{"href":"https:\/\/csgg.eu\/en\/wp-json\/wp\/v2\/pages\/23","targetHints":{"allow":["GET"]}}],"collection":[{"href":"https:\/\/csgg.eu\/en\/wp-json\/wp\/v2\/pages"}],"about":[{"href":"https:\/\/csgg.eu\/en\/wp-json\/wp\/v2\/types\/page"}],"author":[{"embeddable":true,"href":"https:\/\/csgg.eu\/en\/wp-json\/wp\/v2\/users\/1"}],"replies":[{"embeddable":true,"href":"https:\/\/csgg.eu\/en\/wp-json\/wp\/v2\/comments?post=23"}],"version-history":[{"count":4,"href":"https:\/\/csgg.eu\/en\/wp-json\/wp\/v2\/pages\/23\/revisions"}],"predecessor-version":[{"id":102,"href":"https:\/\/csgg.eu\/en\/wp-json\/wp\/v2\/pages\/23\/revisions\/102"}],"wp:attachment":[{"href":"https:\/\/csgg.eu\/en\/wp-json\/wp\/v2\/media?parent=23"}],"curies":[{"name":"wp","href":"https:\/\/api.w.org\/{rel}","templated":true}]}}