{"id":24,"date":"2026-02-01T18:24:26","date_gmt":"2026-02-01T18:24:26","guid":{"rendered":"https:\/\/csgg.eu\/contact\/"},"modified":"2026-02-04T10:19:18","modified_gmt":"2026-02-04T10:19:18","slug":"kontakt","status":"publish","type":"page","link":"https:\/\/csgg.eu\/en\/kontakt\/","title":{"rendered":"Kontakt"},"content":{"rendered":"<div class=\"wp-block-group alignfull is-style-ext-preset--group--natural-1--section has-background-background-color has-background has-global-padding is-layout-constrained wp-block-group-is-layout-constrained\" id=\"contact\" style=\"margin-top:0;margin-bottom:0;padding-top:var(--wp--preset--spacing--70);padding-bottom:var(--wp--preset--spacing--70)\">\n<div class=\"wp-block-group alignwide has-global-padding is-layout-constrained wp-block-group-is-layout-constrained\">\n<div class=\"wp-block-group alignwide has-tertiary-background-color has-background has-global-padding is-layout-constrained wp-container-core-group-is-layout-48493932 wp-block-group-is-layout-constrained\" style=\"padding-top:var(--wp--preset--spacing--55);padding-right:var(--wp--preset--spacing--55);padding-bottom:var(--wp--preset--spacing--55);padding-left:var(--wp--preset--spacing--55)\">\n<p>P\u0159edseda \u010cSGG:<\/p>\n\n\n\n<p>&nbsp;Doc. RNDr. Zbyn\u011bk \u0160\u00edr, Ph.D.<\/p>\n\n\n\n<p>Matematick\u00fd \u00fastav, Matematicko-fyzik\u00e1ln\u00ed fakulta Univerzity Karlovy<br>Sokolovsk\u00e1 83<br>186 75 Praha 8<br>e-mail: zbynek.sir@mff.cuni.cz<\/p>\n<\/div>\n<\/div>\n<\/div>","protected":false},"excerpt":{"rendered":"<p>P\u0159edseda \u010cSGG: &nbsp;Doc. RNDr. Zbyn\u011bk \u0160\u00edr, Ph.D. Matematick\u00fd \u00fastav, Matematicko-fyzik\u00e1ln\u00ed fakulta Univerzity KarlovySokolovsk\u00e1 83186 75 Praha 8e-mail: zbynek.sir@mff.cuni.cz<\/p>","protected":false},"author":1,"featured_media":0,"parent":0,"menu_order":0,"comment_status":"closed","ping_status":"closed","template":"page-with-title","meta":{"_monsterinsights_skip_tracking":false,"_monsterinsights_sitenote_active":false,"_monsterinsights_sitenote_note":"","_monsterinsights_sitenote_category":0,"footnotes":""},"class_list":["post-24","page","type-page","status-publish","hentry"],"aioseo_notices":[],"_links":{"self":[{"href":"https:\/\/csgg.eu\/en\/wp-json\/wp\/v2\/pages\/24","targetHints":{"allow":["GET"]}}],"collection":[{"href":"https:\/\/csgg.eu\/en\/wp-json\/wp\/v2\/pages"}],"about":[{"href":"https:\/\/csgg.eu\/en\/wp-json\/wp\/v2\/types\/page"}],"author":[{"embeddable":true,"href":"https:\/\/csgg.eu\/en\/wp-json\/wp\/v2\/users\/1"}],"replies":[{"embeddable":true,"href":"https:\/\/csgg.eu\/en\/wp-json\/wp\/v2\/comments?post=24"}],"version-history":[{"count":2,"href":"https:\/\/csgg.eu\/en\/wp-json\/wp\/v2\/pages\/24\/revisions"}],"predecessor-version":[{"id":84,"href":"https:\/\/csgg.eu\/en\/wp-json\/wp\/v2\/pages\/24\/revisions\/84"}],"wp:attachment":[{"href":"https:\/\/csgg.eu\/en\/wp-json\/wp\/v2\/media?parent=24"}],"curies":[{"name":"wp","href":"https:\/\/api.w.org\/{rel}","templated":true}]}}