{"id":26,"date":"2026-02-01T18:24:28","date_gmt":"2026-02-01T18:24:28","guid":{"rendered":"https:\/\/csgg.eu\/home\/"},"modified":"2026-02-01T20:06:19","modified_gmt":"2026-02-01T20:06:19","slug":"home","status":"publish","type":"page","link":"https:\/\/csgg.eu\/en\/","title":{"rendered":"Home"},"content":{"rendered":"<div class=\"wp-block-group alignfull is-style-ext-preset--group--natural-1--section has-background-background-color has-background has-global-padding is-layout-constrained wp-container-core-group-is-layout-36519b8a wp-block-group-is-layout-constrained\" style=\"margin-top:0;margin-bottom:0;padding-top:var(--wp--preset--spacing--50);padding-bottom:var(--wp--preset--spacing--70)\">\n<div class=\"wp-block-group alignwide is-vertical is-content-justification-center is-layout-flex wp-container-core-group-is-layout-c9ee0c5a wp-block-group-is-layout-flex\">\n<div class=\"wp-block-group has-global-padding is-layout-constrained wp-container-core-group-is-layout-2287c683 wp-block-group-is-layout-constrained\">\n<figure class=\"wp-block-image aligncenter size-medium\"><img loading=\"lazy\" decoding=\"async\" width=\"275\" height=\"300\" src=\"https:\/\/csgg.eu\/wp-content\/uploads\/2026\/02\/logoCSGG-275x300.png\" alt=\"\" class=\"wp-image-59\" srcset=\"https:\/\/csgg.eu\/wp-content\/uploads\/2026\/02\/logoCSGG-275x300.png 275w, https:\/\/csgg.eu\/wp-content\/uploads\/2026\/02\/logoCSGG-939x1024.png 939w, https:\/\/csgg.eu\/wp-content\/uploads\/2026\/02\/logoCSGG-768x837.png 768w, https:\/\/csgg.eu\/wp-content\/uploads\/2026\/02\/logoCSGG-1409x1536.png 1409w, https:\/\/csgg.eu\/wp-content\/uploads\/2026\/02\/logoCSGG-11x12.png 11w, https:\/\/csgg.eu\/wp-content\/uploads\/2026\/02\/logoCSGG.png 1559w\" sizes=\"auto, (max-width: 275px) 100vw, 275px\" \/><\/figure>\n\n\n\n<p class=\"has-text-align-center\">\u010cesk\u00e1 spole\u010dnost pro geometrii a grafiku (\u010cSGG)\u00a0je odbornou skupinou \u010cesk\u00e9 matematick\u00e9 spole\u010dnosti (<a href=\"https:\/\/jcmf.cz\/?q=cz\/frontpagecms\">\u010cMS<\/a>), kter\u00e1 je sekc\u00ed Jednoty \u010desk\u00fdch matematik\u016f a fyzik\u016f (<a href=\"http:\/\/www.jcmf.cz\/\">J\u010cMF<\/a>).<\/p>\n<\/div>\n<\/div>\n<\/div>\n\n\n\n<div class=\"wp-block-group alignfull is-style-ext-preset--group--natural-1--section has-tertiary-background-color has-background has-global-padding is-layout-constrained wp-container-core-group-is-layout-e955bbaf wp-block-group-is-layout-constrained\" id=\"blog\" style=\"margin-top:0;margin-bottom:0;padding-top:var(--wp--preset--spacing--70);padding-bottom:var(--wp--preset--spacing--70)\">\n<div class=\"wp-block-group alignwide is-vertical is-content-justification-center is-layout-flex wp-container-core-group-is-layout-c9ee0c5a wp-block-group-is-layout-flex\">\n<div class=\"wp-block-group has-global-padding is-layout-constrained wp-container-core-group-is-layout-2287c683 wp-block-group-is-layout-constrained\">\n<h2 class=\"wp-block-heading has-text-align-center\">Novinky<\/h2>\n<\/div>\n<\/div>\n\n\n\n<div class=\"wp-block-query alignwide is-layout-flow wp-block-query-is-layout-flow\"><ul class=\"columns-3 wp-block-post-template is-layout-grid wp-container-core-post-template-is-layout-10753265 wp-block-post-template-is-layout-grid\"><li class=\"wp-block-post post-109 post type-post status-publish format-standard hentry category-akce\">\n\n<div class=\"wp-block-group is-style-ext-preset--group--natural-1--item-card-1--align-start has-global-padding is-layout-constrained wp-block-group-is-layout-constrained is-style-ext-preset--group--natural-1--item-card-1--align-start--3\">\n\n\n<div class=\"wp-block-group is-style-default has-global-padding is-layout-constrained wp-container-core-group-is-layout-e0082cf6 wp-block-group-is-layout-constrained\"><div style=\"font-size:14px;font-style:normal;font-weight:600\" class=\"taxonomy-category wp-block-post-terms\"><a href=\"https:\/\/csgg.eu\/en\/category\/akce\/\" rel=\"tag\">Akce<\/a><\/div>\n\n<h2 style=\"font-size:clamp(15.747px, 0.984rem + ((1vw - 3.2px) * 0.86), 24px); margin-top:8px;margin-bottom:var(--wp--preset--spacing--20);\" class=\"wp-block-post-title\"><a href=\"https:\/\/csgg.eu\/en\/pozvanka-na-12-cesko-slovenskou-konferenci-o-geometrii-a-grafice\/\" target=\"_self\" >Pozv\u00e1nka na 12. \u010cesko\u2013slovenskou konferenci o geometrii a grafice<\/a><\/h2>\n\n<div style=\"margin-top:var(--wp--preset--spacing--20);margin-bottom:var(--wp--preset--spacing--20);\" class=\"wp-block-post-excerpt has-small-font-size\"><p class=\"wp-block-post-excerpt__excerpt\">V\u00e1\u017een\u00e9 kolegyn\u011b, v\u00e1\u017een\u00ed kolegov\u00e9, jm\u00e9nem \u010cesk\u00e9 spole\u010dnosti pro geometrii a grafiku jako odborn\u00e9ho garanta a&hellip; <\/p><\/div>\n\n\n<div class=\"wp-block-group is-nowrap is-layout-flex wp-container-core-group-is-layout-b35fda84 wp-block-group-is-layout-flex\" style=\"margin-top:24px;padding-top:0;padding-right:0;padding-bottom:0;padding-left:0\"><div class=\"wp-block-avatar\"><a href=\"https:\/\/csgg.eu\/en\/author\/csgg\/\" target=\"_self\"  class=\"wp-block-avatar__link\"><img alt='csgg Avatar' src='https:\/\/secure.gravatar.com\/avatar\/a2970dcbae4b1afb4f4077a06903c80ca3df6a689032e81271389111c8ed8a55?s=48&#038;d=mm&#038;r=g' srcset='https:\/\/secure.gravatar.com\/avatar\/a2970dcbae4b1afb4f4077a06903c80ca3df6a689032e81271389111c8ed8a55?s=96&#038;d=mm&#038;r=g 2x' class='avatar avatar-48 photo wp-block-avatar__image' height='48' width='48'  style=\"border-radius:100px;\"\/><\/a><\/div>\n\n<div style=\"font-size:14px;font-style:normal;font-weight:600;text-decoration:none;\" class=\"wp-block-post-author-name\"><a href=\"https:\/\/csgg.eu\/en\/author\/csgg\/\" target=\"_self\" class=\"wp-block-post-author-name__link\">csgg<\/a><\/div>\n\n\n<hr class=\"wp-block-separator has-alpha-channel-opacity wp-container-content-4daaf377\"\/>\n\n\n<div style=\"font-size:14px;text-transform:capitalize;\" class=\"wp-block-post-date\"><time datetime=\"2026-02-25T12:48:30+00:00\">Feb 25, 2026<\/time><\/div><\/div>\n<\/div>\n<\/div>\n\n<\/li><\/ul><\/div>\n\n\n\n<div class=\"wp-block-buttons alignwide is-content-justification-center is-layout-flex wp-container-core-buttons-is-layout-a89b3969 wp-block-buttons-is-layout-flex\">\n<div class=\"wp-block-button is-style-ext-preset--button--natural-1--button-1 is-style-ext-preset--button--natural-1--button-1--4\"><a class=\"wp-block-button__link wp-element-button\" href=\"https:\/\/csgg.eu\/en\/blog\/\">Zobrazit v\u0161e<\/a><\/div>\n<\/div>\n<\/div>","protected":false},"excerpt":{"rendered":"<p>\u010cesk\u00e1 spole\u010dnost pro geometrii a grafiku (\u010cSGG)\u00a0je odbornou skupinou \u010cesk\u00e9 matematick\u00e9 spole\u010dnosti (\u010cMS), kter\u00e1 je sekc\u00ed Jednoty \u010desk\u00fdch matematik\u016f a fyzik\u016f (J\u010cMF). Novinky<\/p>","protected":false},"author":1,"featured_media":0,"parent":0,"menu_order":0,"comment_status":"closed","ping_status":"closed","template":"no-title","meta":{"_monsterinsights_skip_tracking":false,"_monsterinsights_sitenote_active":false,"_monsterinsights_sitenote_note":"","_monsterinsights_sitenote_category":0,"footnotes":""},"class_list":["post-26","page","type-page","status-publish","hentry"],"aioseo_notices":[],"_links":{"self":[{"href":"https:\/\/csgg.eu\/en\/wp-json\/wp\/v2\/pages\/26","targetHints":{"allow":["GET"]}}],"collection":[{"href":"https:\/\/csgg.eu\/en\/wp-json\/wp\/v2\/pages"}],"about":[{"href":"https:\/\/csgg.eu\/en\/wp-json\/wp\/v2\/types\/page"}],"author":[{"embeddable":true,"href":"https:\/\/csgg.eu\/en\/wp-json\/wp\/v2\/users\/1"}],"replies":[{"embeddable":true,"href":"https:\/\/csgg.eu\/en\/wp-json\/wp\/v2\/comments?post=26"}],"version-history":[{"count":4,"href":"https:\/\/csgg.eu\/en\/wp-json\/wp\/v2\/pages\/26\/revisions"}],"predecessor-version":[{"id":65,"href":"https:\/\/csgg.eu\/en\/wp-json\/wp\/v2\/pages\/26\/revisions\/65"}],"wp:attachment":[{"href":"https:\/\/csgg.eu\/en\/wp-json\/wp\/v2\/media?parent=26"}],"curies":[{"name":"wp","href":"https:\/\/api.w.org\/{rel}","templated":true}]}}