{"id":92,"date":"2026-02-04T10:54:28","date_gmt":"2026-02-04T10:54:28","guid":{"rendered":"https:\/\/csgg.eu\/?page_id=92"},"modified":"2026-02-25T12:58:47","modified_gmt":"2026-02-25T12:58:47","slug":"csgg","status":"publish","type":"page","link":"https:\/\/csgg.eu\/en\/csgg\/","title":{"rendered":"Konference o Geometrii a Grafice"},"content":{"rendered":"<div class=\"wp-block-group alignfull is-style-ext-preset--group--natural-1--section has-background-background-color has-background has-global-padding is-layout-constrained wp-block-group-is-layout-constrained\" style=\"margin-top:0;margin-bottom:0;padding-top:var(--wp--preset--spacing--70);padding-bottom:var(--wp--preset--spacing--70)\">\n<div class=\"wp-block-group alignwide has-tertiary-background-color has-background has-global-padding is-layout-constrained wp-block-group-is-layout-constrained\">\n<p><strong>Nejbli\u017e\u0161\u00ed konference<\/strong>:<\/p>\n\n\n\n<ul class=\"wp-block-list\">\n<li><a href=\"https:\/\/home.pf.jcu.cz\/~csgg2026\/\" title=\"\"><strong>12. \u010cesko\u2013slovensk\u00e1 konference o geometrii a grafice<\/strong> <\/a><\/li>\n\n\n\n<li><a href=\"https:\/\/home.pf.jcu.cz\/~csgg2026\/\">https:\/\/home.pf.jcu.cz\/~csgg2026\/<\/a><\/li>\n\n\n\n<li>14.\u201317.\u00a0z\u00e1\u0159\u00ed 2026<\/li>\n\n\n\n<li>\u010cesk\u00e9 Bud\u011bjovice<\/li>\n<\/ul>\n\n\n\n<p>\u010cesk\u00e1 Spole\u010dnost pro Geometrii a Grafiku (\u010cSGG) organizuje od roku 1980 Konferenci o geometrii a grafice.<\/p>\n\n\n\n<p>Od roku 2014 ve spolupr\u00e1ci se Slovenskou Spolo\u010dnos\u0165ou pre Geometriu a Grafiku (<a href=\"https:\/\/www.ssgg.sk\/indexs.html\" target=\"_blank\" rel=\"noopener\" title=\"\">SSGG<\/a>) je konference organizov\u00e1n\u00e1 st\u0159\u00eddav\u011b jako \u010cesko &#8211; slovensk\u00e1 (CSGG) resp. Slovensko &#8211; \u010desk\u00e1 (SCGG).   <\/p>\n\n\n\n<p>Archiv konferenc\u00ed p\u0159ipravujeme<br><a href=\"https:\/\/www.ssgg.sk\/scg\/indexa.htm\" target=\"_blank\" rel=\"noopener\" title=\"\">Archiv na str\u00e1nk\u00e1ch SSGG<\/a><\/p>\n<\/div>\n<\/div>","protected":false},"excerpt":{"rendered":"<p>Nejbli\u017e\u0161\u00ed konference: \u010cesk\u00e1 Spole\u010dnost pro Geometrii a Grafiku (\u010cSGG) organizuje od roku 1980 Konferenci o geometrii a grafice. Od roku 2014 ve spolupr\u00e1ci se Slovenskou Spolo\u010dnos\u0165ou pre Geometriu a Grafiku (SSGG) je konference organizov\u00e1n\u00e1 st\u0159\u00eddav\u011b jako \u010cesko &#8211; slovensk\u00e1 (CSGG) resp. Slovensko &#8211; \u010desk\u00e1 (SCGG). Archiv konferenc\u00ed p\u0159ipravujemeArchiv na str\u00e1nk\u00e1ch SSGG<\/p>","protected":false},"author":1,"featured_media":0,"parent":0,"menu_order":0,"comment_status":"closed","ping_status":"closed","template":"page-with-title","meta":{"_monsterinsights_skip_tracking":false,"_monsterinsights_sitenote_active":false,"_monsterinsights_sitenote_note":"","_monsterinsights_sitenote_category":0,"footnotes":""},"class_list":["post-92","page","type-page","status-publish","hentry"],"aioseo_notices":[],"_links":{"self":[{"href":"https:\/\/csgg.eu\/en\/wp-json\/wp\/v2\/pages\/92","targetHints":{"allow":["GET"]}}],"collection":[{"href":"https:\/\/csgg.eu\/en\/wp-json\/wp\/v2\/pages"}],"about":[{"href":"https:\/\/csgg.eu\/en\/wp-json\/wp\/v2\/types\/page"}],"author":[{"embeddable":true,"href":"https:\/\/csgg.eu\/en\/wp-json\/wp\/v2\/users\/1"}],"replies":[{"embeddable":true,"href":"https:\/\/csgg.eu\/en\/wp-json\/wp\/v2\/comments?post=92"}],"version-history":[{"count":4,"href":"https:\/\/csgg.eu\/en\/wp-json\/wp\/v2\/pages\/92\/revisions"}],"predecessor-version":[{"id":116,"href":"https:\/\/csgg.eu\/en\/wp-json\/wp\/v2\/pages\/92\/revisions\/116"}],"wp:attachment":[{"href":"https:\/\/csgg.eu\/en\/wp-json\/wp\/v2\/media?parent=92"}],"curies":[{"name":"wp","href":"https:\/\/api.w.org\/{rel}","templated":true}]}}