{"id":96,"date":"2026-02-04T11:39:57","date_gmt":"2026-02-04T11:39:57","guid":{"rendered":"https:\/\/csgg.eu\/?page_id=96"},"modified":"2026-03-06T11:54:15","modified_gmt":"2026-03-06T11:54:15","slug":"deskriptivni-geometrie","status":"publish","type":"page","link":"https:\/\/csgg.eu\/en\/deskriptivni-geometrie\/","title":{"rendered":"Deskriptivn\u00ed a po\u010d\u00edta\u010dov\u00e1 geometrie"},"content":{"rendered":"<div class=\"wp-block-group alignfull is-style-ext-preset--group--natural-1--section has-background-background-color has-background has-global-padding is-layout-constrained wp-block-group-is-layout-constrained\" style=\"margin-top:0;margin-bottom:0;padding-top:var(--wp--preset--spacing--70);padding-bottom:var(--wp--preset--spacing--70)\">\n<div class=\"wp-block-group alignwide has-tertiary-background-color has-background has-global-padding is-layout-constrained wp-block-group-is-layout-constrained\">\n<p>Deskriptivn\u00ed geometrie se v \u010desk\u00fdch zem\u00edch vyu\u010duje ji\u017e t\u00e9m\u011b\u0159 dv\u011b stolet\u00ed. Jedn\u00e1 se o obor, jeho\u017e v\u00fdznam pro spole\u010dnost, aplika\u010dn\u00ed potenci\u00e1l i obsah pro\u0161ly dynamick\u00fdm v\u00fdvojem. V posledn\u00edch desetilet\u00edch v\u0161ak opad\u00e1 z\u00e1jem o jeho tradi\u010dn\u00ed podobu, zejm\u00e9na v d\u016fsledku rozvoje v\u00fdpo\u010detn\u00ed, tiska\u0159sk\u00e9 a zobrazovac\u00ed techniky. P\u0159esto z\u016fst\u00e1v\u00e1 deskriptivn\u00ed geometrie jedinou systematicky vyu\u010dovanou discipl\u00ednou, kter\u00e1 c\u00edlen\u011b rozv\u00edj\u00ed prostorovou p\u0159edstavivost a schopnost porozum\u011bt prostorov\u00fdm vztah\u016fm i graficky je zaznamen\u00e1vat.<\/p>\n\n\n\n<p>Skupina Deskriptivn\u00ed a po\u010d\u00edta\u010dov\u00e9 geometrie, p\u016fsob\u00edc\u00ed v r\u00e1mci \u010cesk\u00e9 spole\u010dnosti pro geometrii a grafiku (\u010cSGG), se od roku 2024 pravideln\u011b setk\u00e1v\u00e1 u \u201ekulat\u00e9ho stolu\u201c. V roce 2026 pl\u00e1nujeme oslovit vzd\u011bl\u00e1vac\u00ed instituce, kter\u00e9 deskriptivn\u00ed geometrii vyu\u010duj\u00ed, zapojit je do spole\u010dn\u00e9 iniciativy a uspo\u0159\u00e1dat prvn\u00ed setk\u00e1n\u00ed zam\u011b\u0159en\u00e9 na diskusi o smyslu, pot\u0159eb\u00e1ch a podob\u011b v\u00fduky deskriptivn\u00ed geometrie na r\u016fzn\u00fdch typech \u0161kol.<\/p>\n\n\n\n<p>Na\u0161\u00edm hlavn\u00edm c\u00edlem je p\u0159isp\u011bt k nezbytn\u00e9 inovaci tohoto oboru, k jeho p\u0159izp\u016fsoben\u00ed sou\u010dasn\u00fdm pot\u0159eb\u00e1m a o\u010dek\u00e1v\u00e1n\u00edm a ve spolupr\u00e1ci se v\u0161emi relevantn\u00edmi institucemi iniciovat promy\u0161lenou transformaci deskriptivn\u00ed geometrie v \u010cesk\u00e9 republice.<\/p>\n\n\n\n<p>Na\u0161e \u010dinnost se zam\u011b\u0159uje na:<\/p>\n\n\n\n<ul class=\"wp-block-list\">\n<li>komunikaci mezi vysok\u00fdmi \u0161kolami technick\u00e9ho zam\u011b\u0159en\u00ed, vysok\u00fdmi \u0161kolami p\u0159ipravuj\u00edc\u00edmi budouc\u00ed u\u010ditele matematiky, deskriptivn\u00ed a po\u010d\u00edta\u010dov\u00e9 geometrie a st\u0159edn\u00edmi \u0161kolami v\u0161ech typ\u016f,<\/li>\n\n\n\n<li>p\u0159\u00edpravu inovovan\u00fdch a didakticky podlo\u017een\u00fdch materi\u00e1l\u016f pro st\u0159edn\u00ed a vysok\u00e9 \u0161koly odpov\u00eddaj\u00edc\u00edch modern\u00ed dob\u011b,<\/li>\n\n\n\n<li>spr\u00e1vu datab\u00e1ze kontakt\u016f na st\u0159edn\u00ed a vysok\u00e9 \u0161koly, kde se vyu\u010duje deskriptivn\u00ed a po\u010d\u00edta\u010dov\u00e1 geometrie,<\/li>\n\n\n\n<li>\u0161kolen\u00ed a sd\u00edlen\u00ed p\u0159\u00edklad\u016f dobr\u00e9 praxe ve v\u00fduce deskriptivn\u00ed a po\u010d\u00edta\u010dov\u00e9 geometrie.<\/li>\n<\/ul>\n\n\n\n<ul class=\"wp-block-list\">\n<li><strong>kulat\u00fd st\u016fl o deskriptivn\u00ed geometrii 2026<\/strong>\n<ul class=\"wp-block-list\">\n<li>organizovala Katedra algebry a geometrie, P\u0159\u00edrodov\u011bdeck\u00e1 fakulta Univerzity Palack\u00e9ho v Olomouci (Botur, Chodorov\u00e1)<br>Obsah: <br>Srovn\u00e1n\u00ed v\u00fduky DG v \u010cR a okoln\u00edch zem\u00edch<br>Kompeten\u010dn\u00ed r\u00e1mec u\u010ditele DG<br>Sou\u010dasn\u00e9 probl\u00e9my DG<br>Mo\u017enosti a pot\u0159eba dal\u0161\u00edch krok\u016f<br><\/li>\n<\/ul>\n<\/li>\n\n\n\n<li><strong>kulat\u00fd st\u016fl o deskriptivn\u00ed geometrii 2025<\/strong>\n<ul class=\"wp-block-list\">\n<li>organizovala Katedra algebry a geometrie, P\u0159\u00edrodov\u011bdeck\u00e1 fakulta Univerzity Palack\u00e9ho v Olomouci\u00a0(Botur, Chodorov\u00e1)<br>Obsah: <br>v\u00fdm\u011bna n\u00e1zor\u016f a zku\u0161enost\u00ed s v\u00fdukou DG na vysok\u00fdch \u0161kol\u00e1ch v \u010cR<br>debata o v\u00fdznamu a budoucnosti DG<br><\/li>\n<\/ul>\n<\/li>\n<\/ul>\n<\/div>\n<\/div>","protected":false},"excerpt":{"rendered":"<p>Deskriptivn\u00ed geometrie se v \u010desk\u00fdch zem\u00edch vyu\u010duje ji\u017e t\u00e9m\u011b\u0159 dv\u011b stolet\u00ed. Jedn\u00e1 se o obor, jeho\u017e v\u00fdznam pro spole\u010dnost, aplika\u010dn\u00ed potenci\u00e1l i obsah pro\u0161ly dynamick\u00fdm v\u00fdvojem. V posledn\u00edch desetilet\u00edch v\u0161ak opad\u00e1 z\u00e1jem o jeho tradi\u010dn\u00ed podobu, zejm\u00e9na v d\u016fsledku rozvoje v\u00fdpo\u010detn\u00ed, tiska\u0159sk\u00e9 a zobrazovac\u00ed techniky. P\u0159esto z\u016fst\u00e1v\u00e1 deskriptivn\u00ed geometrie jedinou systematicky vyu\u010dovanou discipl\u00ednou, kter\u00e1 c\u00edlen\u011b [&hellip;]<\/p>","protected":false},"author":1,"featured_media":0,"parent":0,"menu_order":0,"comment_status":"closed","ping_status":"closed","template":"page-with-title","meta":{"_monsterinsights_skip_tracking":false,"_monsterinsights_sitenote_active":false,"_monsterinsights_sitenote_note":"","_monsterinsights_sitenote_category":0,"footnotes":""},"class_list":["post-96","page","type-page","status-publish","hentry"],"aioseo_notices":[],"_links":{"self":[{"href":"https:\/\/csgg.eu\/en\/wp-json\/wp\/v2\/pages\/96","targetHints":{"allow":["GET"]}}],"collection":[{"href":"https:\/\/csgg.eu\/en\/wp-json\/wp\/v2\/pages"}],"about":[{"href":"https:\/\/csgg.eu\/en\/wp-json\/wp\/v2\/types\/page"}],"author":[{"embeddable":true,"href":"https:\/\/csgg.eu\/en\/wp-json\/wp\/v2\/users\/1"}],"replies":[{"embeddable":true,"href":"https:\/\/csgg.eu\/en\/wp-json\/wp\/v2\/comments?post=96"}],"version-history":[{"count":5,"href":"https:\/\/csgg.eu\/en\/wp-json\/wp\/v2\/pages\/96\/revisions"}],"predecessor-version":[{"id":121,"href":"https:\/\/csgg.eu\/en\/wp-json\/wp\/v2\/pages\/96\/revisions\/121"}],"wp:attachment":[{"href":"https:\/\/csgg.eu\/en\/wp-json\/wp\/v2\/media?parent=96"}],"curies":[{"name":"wp","href":"https:\/\/api.w.org\/{rel}","templated":true}]}}